{"id":4543,"date":"2020-10-02T10:36:20","date_gmt":"2020-10-02T08:36:20","guid":{"rendered":"https:\/\/www.adermalocatelli.it\/?page_id=4543"},"modified":"2020-10-02T10:43:08","modified_gmt":"2020-10-02T08:43:08","slug":"privacy-policy","status":"publish","type":"page","link":"https:\/\/www.adermalocatelli.it\/it\/privacy-policy\/","title":{"rendered":"Privacy Policy"},"content":{"rendered":"\t\t<div data-elementor-type=\"wp-page\" data-elementor-id=\"4543\" class=\"elementor elementor-4543 elementor-3\" data-elementor-post-type=\"page\">\n\t\t\t\t\t\t<section class=\"elementor-section elementor-top-section elementor-element elementor-element-34d9c27a elementor-section-full_width elementor-section-height-default elementor-section-height-default\" data-id=\"34d9c27a\" data-element_type=\"section\" data-e-type=\"section\" data-settings=\"{&quot;jet_parallax_layout_list&quot;:[{&quot;jet_parallax_layout_image&quot;:{&quot;url&quot;:&quot;&quot;,&quot;id&quot;:&quot;&quot;,&quot;size&quot;:&quot;&quot;},&quot;_id&quot;:&quot;a8510d5&quot;,&quot;jet_parallax_layout_image_tablet&quot;:{&quot;url&quot;:&quot;&quot;,&quot;id&quot;:&quot;&quot;,&quot;size&quot;:&quot;&quot;},&quot;jet_parallax_layout_image_mobile&quot;:{&quot;url&quot;:&quot;&quot;,&quot;id&quot;:&quot;&quot;,&quot;size&quot;:&quot;&quot;},&quot;jet_parallax_layout_speed&quot;:{&quot;unit&quot;:&quot;%&quot;,&quot;size&quot;:50,&quot;sizes&quot;:[]},&quot;jet_parallax_layout_type&quot;:&quot;scroll&quot;,&quot;jet_parallax_layout_direction&quot;:&quot;1&quot;,&quot;jet_parallax_layout_fx_direction&quot;:null,&quot;jet_parallax_layout_z_index&quot;:&quot;&quot;,&quot;jet_parallax_layout_bg_x&quot;:50,&quot;jet_parallax_layout_bg_y&quot;:50,&quot;jet_parallax_layout_bg_size&quot;:&quot;auto&quot;,&quot;jet_parallax_layout_animation_prop&quot;:&quot;transform&quot;,&quot;jet_parallax_layout_on&quot;:[&quot;desktop&quot;,&quot;tablet&quot;],&quot;jet_parallax_layout_bg_x_tablet&quot;:&quot;&quot;,&quot;jet_parallax_layout_bg_x_mobile&quot;:&quot;&quot;,&quot;jet_parallax_layout_bg_y_tablet&quot;:&quot;&quot;,&quot;jet_parallax_layout_bg_y_mobile&quot;:&quot;&quot;,&quot;jet_parallax_layout_bg_size_tablet&quot;:&quot;&quot;,&quot;jet_parallax_layout_bg_size_mobile&quot;:&quot;&quot;}]}\">\n\t\t\t\t\t\t<div class=\"elementor-container elementor-column-gap-default\">\n\t\t\t\t\t<div class=\"elementor-column elementor-col-100 elementor-top-column elementor-element elementor-element-73036a24\" data-id=\"73036a24\" data-element_type=\"column\" data-e-type=\"column\">\n\t\t\t<div class=\"elementor-widget-wrap elementor-element-populated\">\n\t\t\t\t\t\t<div class=\"elementor-element elementor-element-6bce3f4b elementor-widget elementor-widget-heading\" data-id=\"6bce3f4b\" data-element_type=\"widget\" data-e-type=\"widget\" data-widget_type=\"heading.default\">\n\t\t\t\t<div class=\"elementor-widget-container\">\n\t\t\t\t\t<h1 class=\"elementor-heading-title elementor-size-default\"><b style=\"color: #ec7343;font-weight: 600\">Privacy<\/b> Policy<\/h1>\t\t\t\t<\/div>\n\t\t\t\t<\/div>\n\t\t\t\t<div class=\"elementor-element elementor-element-542571c0 elementor-widget elementor-widget-text-editor\" data-id=\"542571c0\" data-element_type=\"widget\" data-e-type=\"widget\" data-widget_type=\"text-editor.default\">\n\t\t\t\t<div class=\"elementor-widget-container\">\n\t\t\t\t\t\t\t\t\t<p><\/p>\n<p>La presente privacy policy ha lo scopo di descrivere le modalit\u00e0 di gestione di questo sito, con riferimento al trattamento dei dati personali degli utenti\/visitatori che lo consultano. Questa privacy policy \u00e8 resa anche quale informativa ai sensi degli articoli 13 e 14 Regolamento (EU) n. 679\/2016 del 27 aprile 2016 relativo alla protezione delle persone fisiche con riguardo al trattamento dei dati personali (di seguito, \u201cRegolamento\u201d).<\/p>\n<p>Tale informativa \u00e8 resa esclusivamente per il sito internet <strong><span style=\"color: #ec7343;\"><a style=\"color: #ec7343;\" href=\"https:\/\/www.adermalocatelli.it\/\" target=\"_blank\" rel=\"noopener noreferrer\">www.adermalocatelli.it <\/a><\/span><\/strong>di GL LOCATELLI s.r.l. e non anche per altri siti web eventualmente accessibili dall\u2019Utente tramite link.<\/p>\n<p>La Societ\u00e0 GL LOCATELLI s.r.l., con sede in Via Dante Alighieri 66, 22078 Turate CO, (di seguito la \u201cSociet\u00e0\u201d) informa di essere Titolare del trattamento \u2013 ai sensi degli articoli n. 4, 7 e 24) del Regolamento \u2013 dei dati personali raccolti a seguito della consultazione di questo sito.<\/p>\n<p>Per trattamento di dati personali si intende qualsiasi operazione o insieme di operazioni, compiute con o senza l\u2019ausilio di processi automatizzati e applicate a dati personali o insiemi di dati personali, anche se non registrati in una banca di dati, come la raccolta, la registrazione, l\u2019organizzazione, la strutturazione, la conservazione, l\u2019elaborazione, la selezione, il blocco, l\u2019adattamento o la modifica, l\u2019estrazione, la consultazione, l\u2019uso, la comunicazione mediante trasmissione, la diffusione o qualsiasi altra forma di messa a disposizione, il raffronto o l\u2019interconnessione, la limitazione, la cancellazione o la distruzione.<\/p>\n<p>La Societ\u00e0 La informa, dunque, quale interessato, che ai sensi degli artt. 13 e 14 del Regolamento proceder\u00e0 al relativo trattamento per le finalit\u00e0 di seguito indicate in via manuale e\/o con il supporto di mezzi informatici o telematici.<\/p>\n<p><strong>1. FINALITA&#8217; DEL TRATTAMENTO\u00a0<\/strong><\/p>\n<ul>\n<li>\n<p>I dati vengono acquisiti e trattati nel rispetto delle regole fissate dal Regolamento per le seguenti finalit\u00e0:<\/p>\n<p>DATI DI NAVIGAZIONE<br \/>i sistemi informatici e le procedure software preposte al funzionamento di questo sito acquisiscono, nel corso del loro normale esercizio, alcuni dati personali la cui trasmissione \u00e8 implicita nell\u2019uso dei protocolli di comunicazione di Internet. In questa categoria di dati rientrano: gli indirizzi IP, il tipo di browser utilizzato, il sistema operativo, il nome di dominio e gli indirizzi di siti web dai quali \u00e8 stato effettuato l\u2019accesso o l\u2019uscita, le informazioni sulle pagine visitate dagli utenti all\u2019interno del sito, l\u2019orario d\u2019accesso, la permanenza sulla singola pagina, l\u2019analisi di percorso interno e altri parametri relativi al sistema operativo e all\u2019ambiente informatico dell\u2019utente. Tali dati di carattere tecnico\/informatico sono raccolti e utilizzati esclusivamente in maniera aggregata e anonima. Tali dati sono trattati con la finalit\u00e0 di consentire e controllare un corretto utilizzo di questo sito nonch\u00e9 per ricavare informazioni statistiche anonime sull\u2019uso dello stesso, e vengono cancellati immediatamente dopo l\u2019elaborazione.<\/p>\n<p>DATI FORNITI VOLONTARIAMENTE DAGLI UTENTI<br \/>Per quanto riguarda i dati che verranno eventualmente forniti dall\u2019utente del sito, questi verranno trattati, previa acquisizione del suo consenso al trattamento, a seconda dei casi, per le seguenti finalit\u00e0:<\/p>\n<ul>\n<li>EROGAZIONE DI SERVIZI. Per accedere a determinati servizi offerti sul presente sito, quali ad esempio il download di software, il salvataggio di progetti e di calcoli di prodotti, o l\u2019invio di newsletter, al visitatore viene richiesta la registrazione sul sito stesso e, dunque, la creazione di un proprio account personale. All\u2019atto della registrazione sar\u00e0 richiesto il conferimento volontario, mediante compilazione di appositi form, di alcuni dati personali quali nome, cognome, indirizzo di domicilio\/residenza, indirizzo di posta elettronica, numeri telefonici di utenze fisse e\/o mobili, settore di occupazione, impiego. Infine, l\u2019invio facoltativo, esplicito e volontario di posta elettronica agli indirizzi indicati su questo sito comporta la successiva acquisizione dei dati personali del mittente (a mero titolo esemplificativo: nome, cognome, indirizzo mail). I dati personali forniti volontariamente sono trattati per la creazione dell\u2019account utente e per finalit\u00e0 strettamente necessarie e\/o connesse all\u2019erogazione e la corretta gestione amministrativa dei servizi richiesti, nonch\u00e9 per la soddisfazione delle richieste formulate, di volta in volta, dall\u2019utente attraverso il sito o a mezzo e-mail od altro strumento di comunicazione ivi disponibile.<\/li>\n<li>MARKETING. Per l\u2019invio per email della newsletter e altro materiale informativo, nonch\u00e9 per l\u2019invio di comunicazioni commerciali e di marketing.<\/li>\n<li>PROFILAZIONE. Per finalit\u00e0 connesse con la profilazione e correlate a indagini di mercato e analisi di tipo statistico. Rientrano in questa categoria tutte le attivit\u00e0 correlate o connesse con la profilazione dell\u2019utente e tese a rilevare i gusti, le preferenze, le abitudini, i bisogni e le scelte di consumo per migliorare la qualit\u00e0 dei servizi erogati.<\/li>\n<\/ul>\n<\/li>\n<\/ul>\n<p>\u00a0<\/p>\n<p><strong>2. <\/strong><strong>COMUNICAZIONE E DIFFUSIONE DEI DATI PERSONALI PER IL PERSEGUIMENTO DELLE FINALIT\u00c0 PRIMARIE DEL TRATTAMENTO.<\/strong><\/p>\n<p>I dati potranno essere trattati dai dipendenti e collaboratori della Societ\u00e0 in qualit\u00e0 di \u201cIncaricati\u201d (ossia persone autorizzate al trattamento dei dati personali sotto l\u2019autorit\u00e0 diretta del Titolare o del Responsabile, come previsto agli articoli 4, numero 10, e 29 del Regolamento) e Responsabili del trattamento.<\/p>\n<p>I dati potranno essere inoltre trattati da societ\u00e0 di fiducia che svolgono per conto della Societ\u00e0 compiti di natura tecnica e organizzativa. Il loro elenco \u00e8 costantemente aggiornato ed \u00e8 disponibile su richiesta inviando una comunicazione all\u2019indirizzo sopra indicato ovvero un e-mail a<span lang=\"IT\">\u00a0<\/span><strong><span lang=\"IT\" style=\"color: #ec7343;\"><a style=\"color: #ec7343;\" href=\"mailto:gl@gllocatelli.it\" rel=\"noreferrer\">gl@gllocatelli.it<\/a><\/span><\/strong><\/p>\n<p><strong>3. <\/strong><strong>OBBLIGATORIET\u00c0 O FACOLTATIVIT\u00c0 DEL CONSENSO PER IL PERSEGUIMENTO DELLE FINALIT\u00c0 DEL TRATTAMENTO DEI DATI PERSONALI<\/strong><\/p>\n<p>DATI TRATTATI PER EROGARE I SERVIZI OFFERTI SUL SITO<br \/>Per accedere a determinati servizi offerti dal sito (es. il download di software, il salvataggio di progetti e di calcoli di prodotti, o l\u2019invio di newsletter) \u00e8 necessario il conferimento dei dati. Di conseguenza, l\u2019eventuale rifiuto di fornirli determiner\u00e0 l\u2019impossibilit\u00e0 per la Societ\u00e0 di dar seguito all\u2019erogazione del servizio richiesto.<\/p>\n<p>DATI TRATTATI PER FINALIT\u00c0 DI MARKETING<\/p>\n<p>Per procedere al trattamento per finalit\u00e0 di marketing la Societ\u00e0 acquisisce un consenso specifico, separato, espresso, documentato, preventivo e del tutto facoltativo.<br \/>Mediante il conferimento del consenso al trattamento per finalit\u00e0 di marketing, l\u2019interessato prende specificatamente atto delle finalit\u00e0 promozionali, commerciali e di marketing in senso lato del trattamento (incluse le attivit\u00e0 gestionali e amministrative conseguenti) e autorizza espressamente detto trattamento, sia ove i mezzi impiegati per il trattamento per finalit\u00e0 di marketing siano il telefono con operatore o altri mezzi non elettronici, non telematici o non supportati da meccanismi e\/o procedure automatiche, elettroniche o telematiche e sia ove i mezzi impiegati per il trattamento per finalit\u00e0 di marketing siano la posta elettronica, il fax, gli sms, gli mms, sistemi automatici senza intervento di operatore e similari, incluse piattaforme elettroniche e altri mezzi telematici) anche ai sensi dell\u2019art. 6, comma 1, lettera (a) del Regolamento.<br \/>Il mancato conferimento del consenso al trattamento per finalit\u00e0 di marketing non determiner\u00e0 alcuna interferenza e\/o conseguenza su altri eventuali rapporti negoziali, contrattuali o di altro tipo in essere con l\u2019utente.<br \/>L\u2019interessato \u00e8 libero di prestare il consenso all\u2019ulteriore comunicazione a terzi che vogliano a loro volta procedere al trattamento per finalit\u00e0 di marketing. Laddove l\u2019interessato non intenda prestare il consenso alla comunicazione dei suoi dati a terzi, la conseguenza sar\u00e0 che non vi sar\u00e0 da parte della Societ\u00e0 alcuna comunicazione e i dati saranno trattati solo ed esclusivamente dalla Societ\u00e0, ove l\u2019interessato abbia prestato a questa il consenso al trattamento per finalit\u00e0 di marketing.<\/p>\n<p>DATI FORNITI PER PROFILAZIONE<br \/>E\u2019 possibile che per finalit\u00e0 di marketing e di miglioramento dei servizi la Societ\u00e0 proceda a trattamenti dei dati c.d. di \u201cprofilazione\u201d. Per tali trattamenti, e ai fini di una compiuta informazione, si fa riferimento alla definizione di cui all\u2019art. 4, comma 1, n. (4) del Regolamento: \u201cqualsiasi forma di trattamento automatizzato di dati personali consistente nell\u2019utilizzo di tali dati personali per valutare determinati aspetti personali relativi a una persona fisica\u201d.<br \/>Per procedere a un trattamento di profilazione la Societ\u00e0 acquisisce un consenso specifico e separato.<br \/>Ove l\u2019interessato non intenda prestare il consenso al trattamento per finalit\u00e0 di profilazione la conseguenza sar\u00e0 l\u2019impossibilit\u00e0 per la Societ\u00e0 di procedere ai relativi trattamenti. L\u2019interessato \u00e8 libero di prestare il consenso al trattamento per finalit\u00e0 di marketing e di non prestarlo per l\u2019ulteriore consenso al trattamento per finalit\u00e0 di profilazione e\/o alla comunicazione a terzi che vogliano a loro volta procedere al trattamento per finalit\u00e0 di profilazione. Laddove l\u2019interessato non intenda prestare il consenso al trattamento per finalit\u00e0 di profilazione e\/o alla comunicazione a terzi che vogliano a loro volta procedere al trattamento per finalit\u00e0 di profilazione la conseguenza sar\u00e0 che non vi sar\u00e0 da parte della Societ\u00e0 alcuna profilazione e alcuna comunicazione a terzi e i dati raccolti saranno trattati solo ed esclusivamente dalla Societ\u00e0, ove l\u2019interessato abbia prestato a questa il consenso al trattamento per finalit\u00e0 di marketing. I dati oggetto del trattamento di profilazione e i relativi profili autorizzati non saranno oggetto di alcuna diffusione.<\/p>\n<p>DISPOSIZIONI APPLICABILI A TUTTI I TRATTAMENTI<br \/>In ogni caso, anche laddove l\u2019interessato abbia prestato il consenso per autorizzare la Societ\u00e0 a perseguire tutte le finalit\u00e0 menzionate ai punti sopra riportati, rester\u00e0 comunque libero in ogni momento di revocarlo.<\/p>\n<p>Si informa specificatamente e separatamente, come richiesto dall\u2019art. 21 del Regolamento, che l\u2019interessato ha il diritto di opporsi in qualsiasi momento al trattamento dei dati personali che lo riguardano effettuato per le finalit\u00e0 di cui sopra e che, qualora l\u2019interessato si opponga al trattamento, i dati personali non potranno pi\u00f9 essere oggetto di trattamento per tali finalit\u00e0.<\/p>\n<p><strong>4. <\/strong><strong>TRASFERIMENTO DEI DATI PERSONAL VERSO PAESI NON APPARTENENTI ALLO SPAZIO ECONOMICO EUROPEO<\/strong><\/p>\n<p>I dati raccolti ed elaborati potranno essere trasferiti per le finalit\u00e0 di cui sopra al di fuori dello Spazio Economico Europeo o \u201cSEE\u201d (ovvero gli Stati membri dell\u2019Unione Europea oltre a Norvegia, Islanda e Liechtenstein) a:<br \/>\u2022 Fornitori esterni di servizi informatici e\/o di archiviazione di documenti in outsourcing, anche su cloud.<br \/>\u2022 Societ\u00e0 del Gruppo GL LOCATELLI<br \/>Il trasferimento dei dati avviene soltanto nel rispetto della legislazione sulla protezione dei dati e laddove i mezzi di trasferimento forniscano adeguate tutele in relazione ai dati, ad esempio:<br \/>\u2022 tramite un accordo di trasferimento che contenga le attuali clausole contrattuali standard adottate dalla Commissione Europea per il trasferimento dei dati personali da parte di titolari del trattamento nel SEE a titolari del trattamento e responsabili del trattamento in giurisdizioni prive di leggi adeguate in materia di protezione dei dati, oppure<br \/>\u2022 aderendo allo Scudo UE-USA per la privacy per il trasferimento di dati personali da societ\u00e0 dell\u2019UE ad aziende residenti negli Stati Uniti o a qualsiasi accordo equivalente in relazione ad altre giurisdizioni, oppure<br \/>\u2022 trasferendo i dati in un paese in cui la Commissione Europea ha riscontrato segni di adeguatezza in relazione ai livelli di protezione dei dati tramite la sua legislazione, oppure<br \/>\u2022 dove sia necessario per la conclusione o l\u2019esecuzione di un contratto tra la nostra azienda e un soggetto terzo e il trasferimento sia nel interesse dell\u2019interessato ai fini di tale contratto, oppure<br \/>\u2022 laddove l\u2019interessato abbia acconsentito al trasferimento dei dati.<\/p>\n<p><strong>5. <\/strong><strong>TEMPI DI CONSERVAZIONE DEI DATI ALTRE INFORMAZIONI<\/strong><\/p>\n<p>Tutti i dati sono raccolti e registrati in modo lecito e secondo correttezza, per le finalit\u00e0 sopra indicate, e sono trattati anche con l\u2019ausilio di sistemi informatici e di apposite banche dati in termini compatibili con tali scopi in modo da garantire la sicurezza e la riservatezza dei dati stessi.<\/p>\n<p>Si precisa, inoltre, che i dati sono conservati nel rispetto del principio di proporzionalit\u00e0 in una forma che consente l\u2019identificazione dell\u2019Interessato per un periodo di tempo non superiore a quello necessario agli scopi per i quali sono stati raccolti o successivamente trattati.<\/p>\n<p><strong>6. <\/strong><strong>TITOLARE E RESPONSABILI DEL TRATTAMENTO<\/strong><\/p>\n<p>Gli estremi identificativi della Societ\u00e0 Titolare del trattamento dei dati sono i seguenti:<br \/>GL LOCATELLI s.r.l.<br \/>Via Dante Alighieri 66<br \/>22078 Turate CO<\/p>\n<p>Come sopra riportato, i dati potranno essere inoltre trattati da societ\u00e0 di fiducia che svolgono per conto di Societ\u00e0 compiti di natura tecnica e organizzativa. Queste societ\u00e0 sono dirette collaboratrici di Societ\u00e0 e sono nominate Responsabili del trattamento. Il loro elenco \u00e8 costantemente aggiornato ed \u00e8 disponibile su richiesta inviando una comunicazione all\u2019indirizzo sopra indicato ovvero un e-mail a <strong><span style=\"color: #ec7343;\"><a style=\"color: #ec7343;\" href=\"mailto:gl@gllocatelli.it\">gl@gllocatelli.it<\/a><\/span><\/strong><\/p>\n<p><strong>7. ESERCIZIO DEI DIRITTI DA PARTE DELL\u2019INTERESSATO<\/strong><\/p>\n<p>Ai sensi degli articoli 13, comma 2, lettere (b) e d) 14, comma 2, lettera c) ed e), 15, 18, 19 e 21 del Regolamento, si informa che l\u2019interessato:<\/p>\n<p>a) ha il diritto di chiedere alla Societ\u00e0 quale titolare del trattamento l\u2019accesso ai dati personali, la rettifica o la cancellazione degli stessi o la limitazione del trattamento che lo riguardano o di opporsi al loro trattamento, nei casi previsti;<br \/>b) ha il diritto alla portabilit\u00e0 dei dati ai sensi dell\u2019art. 20 del Regolamento;<br \/>c) ha il diritto di proporre un reclamo al Garante per la protezione dei dati personali, seguendo le procedure e le indicazioni pubblicate sul sito web ufficiale dell\u2019Autorit\u00e0 su <strong><span style=\"color: #ec7343;\"><a style=\"color: #ec7343;\" href=\"http:\/\/www.garanteprivacy.it\/\" target=\"_blank\" rel=\"noreferrer noopener\">www.garanteprivacy.it<\/a>.<\/span><\/strong><br \/>Le eventuali rettifiche o cancellazioni o limitazioni del trattamento effettuate su richiesta dell\u2019interessato \u2013 salvo che ci\u00f2 si riveli impossibile o implichi uno sforzo sproporzionato \u2013 saranno comunicate dalla Societ\u00e0 a ciascuno dei destinatari cui sono stati trasmessi i dati personali. La Societ\u00e0 potr\u00e0 comunicare all\u2019interessato tali destinatari qualora l\u2019interessato lo richieda.<br \/>L\u2019esercizio dei diritti non \u00e8 soggetto ad alcun vincolo di forma ed \u00e8 gratuito. Per l\u2019esercizio dei diritti l\u2019Interessato pu\u00f2 rivolgersi al Titolare del trattamento inviando una comunicazione scritta all\u2019indirizzo sopra indicato oppure un e-mail a <span style=\"color: #ec7343;\"><strong><a style=\"color: #ec7343;\" href=\"mailto:gl@gllocatelli.it\">gl@gllocatelli.it<\/a><\/strong><\/span><\/p>\n<p><strong>8. <\/strong><strong>PLUG-IN DEI SOCIAL MEDIA<\/strong><\/p>\n<p>Il presente sito contiene plug-in di alcuni social media (ad es. Linkedin). I social plug-in sono speciali strumenti che permettono di incorporare le funzionalit\u00e0 dei social network direttamente all\u2019interno del sito (ad es. la funzione \u201cmi piace\u201d di Facebook) e sono contrassegnati dal logo della rispettiva piattaforma social. Quando si visita una pagina del presente sito e si interagisce con il plug-in (ad es. cliccando il pulsante \u201cmi piace\u201d) o si decide di lasciare un commento, le corrispondenti informazioni vengono trasmesse dal browser direttamente alla piattaforma di social network (in questo caso Facebook) e da questo memorizzate. Per informazioni sulle finalit\u00e0, il tipo e le modalit\u00e0 di raccolta, elaborazione, utilizzo e conservazione dei dati personali da parte della piattaforma di social network, nonch\u00e9 per le modalit\u00e0 attraverso cui esercitare i propri diritti, si prega di consultare la privacy policy del social network.<\/p>\n<p><strong>9. <\/strong><strong>LINK A SITI DI TERZI<\/strong><\/p>\n<p>Da questo sito \u00e8 possibile collegarsi mediante appositi link verso altri siti web di terzi. Il titolare del sito declina qualsiasi responsabilit\u00e0 in merito all\u2019eventuale gestione di dati personali da parte di siti terzi e in ordine alla gestione delle credenziali di autenticazione fornite da soggetti terzi.<\/p>\n<p><strong>10. COOKIE<br \/><\/strong>I cookie sono pacchetti di informazioni inviate da un web server (es. il sito) al browser Internet dell\u2019utente, da quest\u2019ultimo memorizzati automaticamente sul computer e rinviati automaticamente al server ad ogni successivo accesso al sito. Per default quasi tutti i browser web sono impostati per accettare automaticamente i cookie. Il presente sito web non utilizza cookie per la trasmissione di informazioni di carattere personale. L\u2019uso di cookie di sessione (che non vengono memorizzati in modo persistente sul computer dell\u2019utente e si cancellano con la chiusura del browser) \u00e8 strettamente limitato alla trasmissione di identificativi di sessione necessari per consentire l\u2019esplorazione sicura ed efficiente del sito. I cookie di sessione utilizzati in questo sito evitano il ricorso ad altre tecniche informatiche potenzialmente pregiudizievoli per la riservatezza della navigazione degli utenti e non consentono l\u2019acquisizione di dati personali identificativi dell\u2019utente. In questo sito vengono altres\u00ec impiegati cookie persistenti, ossia cookie che rimangono memorizzati sul disco rigido del computer fino alla loro scadenza o cancellazione da parte degli utenti\/visitatori. Tramite i cookie persistenti i visitatori che accedono al sito (o eventuali altri utenti che impiegano il medesimo computer) vengono automaticamente riconosciuti ad ogni visita. I visitatori possono impostare il browser del computer in modo tale che accetti\/rifiuti tutti i cookie o visualizzi un avviso ogni qual volta viene proposto un cookie, per poter valutare se accettarlo o no. L\u2019utente pu\u00f2, comunque, modificare la configurazione predefinita e disabilitare i cookie (cio\u00e8 bloccarli in via definitiva), impostando il livello di protezione pi\u00f9 elevato.<\/p>\n<p><\/p>\t\t\t\t\t\t\t\t<\/div>\n\t\t\t\t<\/div>\n\t\t\t\t\t<\/div>\n\t\t<\/div>\n\t\t\t\t\t<\/div>\n\t\t<\/section>\n\t\t\t\t<\/div>\n\t\t","protected":false},"excerpt":{"rendered":"<p>Privacy Policy La presente privacy policy ha lo scopo di descrivere le modalit\u00e0 di gestione di questo sito, con riferimento al trattamento dei dati personali degli utenti\/visitatori che lo consultano. Questa privacy policy \u00e8 resa anche quale informativa ai sensi degli articoli 13 e 14 Regolamento (EU) n. 679\/2016 del 27 aprile 2016 relativo alla [&hellip;]<\/p>\n","protected":false},"author":1,"featured_media":0,"parent":0,"menu_order":0,"comment_status":"closed","ping_status":"open","template":"","meta":{"footnotes":""},"class_list":["post-4543","page","type-page","status-publish","hentry"],"_links":{"self":[{"href":"https:\/\/www.adermalocatelli.it\/it\/wp-json\/wp\/v2\/pages\/4543","targetHints":{"allow":["GET"]}}],"collection":[{"href":"https:\/\/www.adermalocatelli.it\/it\/wp-json\/wp\/v2\/pages"}],"about":[{"href":"https:\/\/www.adermalocatelli.it\/it\/wp-json\/wp\/v2\/types\/page"}],"author":[{"embeddable":true,"href":"https:\/\/www.adermalocatelli.it\/it\/wp-json\/wp\/v2\/users\/1"}],"replies":[{"embeddable":true,"href":"https:\/\/www.adermalocatelli.it\/it\/wp-json\/wp\/v2\/comments?post=4543"}],"version-history":[{"count":4,"href":"https:\/\/www.adermalocatelli.it\/it\/wp-json\/wp\/v2\/pages\/4543\/revisions"}],"predecessor-version":[{"id":4547,"href":"https:\/\/www.adermalocatelli.it\/it\/wp-json\/wp\/v2\/pages\/4543\/revisions\/4547"}],"wp:attachment":[{"href":"https:\/\/www.adermalocatelli.it\/it\/wp-json\/wp\/v2\/media?parent=4543"}],"curies":[{"name":"wp","href":"https:\/\/api.w.org\/{rel}","templated":true}]}}